{"id":146,"date":"2019-01-01T08:24:08","date_gmt":"2019-01-01T07:24:08","guid":{"rendered":"https:\/\/www.jauslin-ag.com\/official\/official\/?page_id=146"},"modified":"2020-11-17T08:54:10","modified_gmt":"2020-11-17T07:54:10","slug":"ueber-uns","status":"publish","type":"page","link":"https:\/\/www.jauslin-ag.com\/official\/ueber-uns\/","title":{"rendered":"\u00dcber uns"},"content":{"rendered":"<p>[vc_row type=&#8220;full_width_section&#8220; top_padding=&#8220;50&#8243; bottom_padding=&#8220;50&#8243;][vc_column width=&#8220;1\/1&#8243;][vc_column_text]<\/p>\n<h1 style=\"text-align: center;\">Wer sind wir?<\/h1>\n<p>[\/vc_column_text][vc_column_text]<\/p>\n<h3 style=\"text-align: center;\">kleines und kompetentes Team &#8211; flexibel und motiviert \u2013 Familienunternehmen<\/h3>\n<p>[\/vc_column_text][\/vc_column][\/vc_row][vc_row top_padding=&#8220;50&#8243; bottom_padding=&#8220;50&#8243;][vc_column width=&#8220;1\/1&#8243;][vc_tabs][vc_tab title=&#8220;Das Unternehmen&#8220; tab_id=&#8220;2a1fe5d7-7b2f-9&#8243;][vc_row_inner][vc_column_inner width=&#8220;1\/2&#8243;][vc_column_text]<\/p>\n<p style=\"background: white; vertical-align: baseline; margin: 0cm 0cm 15.0pt 0cm;\"><span style=\"font-size: 10.5pt; font-family: 'Arial',sans-serif; color: #777777;\">Mit der \u00dcbernahme der Firma A. Jauslin AG durch die Familie Isler im Jahre 2016 ging die Jahrzehnte lange Firmengeschichte der A. Jauslin AG in die n\u00e4chste Runde. Alt bew\u00e4hrtes haben wir belassen wir und erweiterten unsere T\u00e4tigkeit im Bereich B\u00fcromaterial, zusammen mit der Papeterie Sauder AG.<\/span><\/p>\n<p style=\"background: white; vertical-align: baseline; margin: 0cm 0cm 15.0pt 0cm;\"><span style=\"font-size: 10.5pt; font-family: 'Arial',sans-serif; color: #777777;\">Im Mai 2018 ist die Firma A. Jauslin AG mit Sack und Pack nach Entlebuch LU umgezogen. Ein neuer Standort, ein neues Lager und ein neues B\u00fcro bringt der Jauslin AG frischen Wind ins Gesch\u00e4ft. Auch haben wir den Standortwechsel genutzt, um unsere gesamte EDV auf den neusten Stand zu bringen. Mit dem neuen ERP-System wurden die Arbeitsprozesse deutlich optimiert. Neu werden wir Sie auch mit einem Newsletter auf dem Laufenden halten. Die Zusammenarbeit mit der Papeterie Sauder AG in Pf\u00e4ffikon bleibt im selben Umfang bestehen wie bis anhin.<\/span><\/p>\n<p style=\"margin: 0cm; margin-bottom: .0001pt; background: white; vertical-align: baseline; font-variant-ligatures: normal; font-variant-caps: normal; font-variant-numeric: inherit; font-variant-east-asian: inherit; font-stretch: inherit; line-height: inherit; orphans: 2; text-align: start; widows: 2; -webkit-text-stroke-width: 0px; text-decoration-style: initial; text-decoration-color: initial; word-spacing: 0px;\"><span style=\"font-size: 10.5pt; font-family: 'Arial',sans-serif; color: #777777;\">Mit unserem innovativen und flexiblen Team beraten wir Sie gerne zum Thema Drucksachen, B\u00fcro-Spezialartikel und B\u00fcromaterial im Allgemeinen. Unsere Standardprodukte sind stets ab Lager verf\u00fcgbar. Wir haben ein sehr breites Sortiment an B\u00fcro-Spezialartikel f\u00fcr alle Betriebe im bautechnischen Bereich.<\/span><\/p>\n<p>[\/vc_column_text][\/vc_column_inner][vc_column_inner width=&#8220;1\/2&#8243;]<div class=\"single_image wpb_content_element align-left    \" data-animation=\"none\" data-delay=\"0\"><img width=\"2016\" height=\"1512\" src=\"https:\/\/www.jauslin-ag.com\/official\/official\/wp-content\/uploads\/2016\/02\/Geb\u00e4ude.gif\" class=\"attachment-full\" alt=\"\" decoding=\"async\" loading=\"lazy\" title=\"\" \/><\/div>[\/vc_column_inner][\/vc_row_inner][\/vc_tab][vc_tab title=&#8220;Das Team&#8220; tab_id=&#8220;a903c5f8-6bd8-3&#8243;][vc_row_inner][vc_column_inner width=&#8220;1\/2&#8243;]<div class=\"member wpb_content_element\"><div class=\"member-img\"><img src=\"https:\/\/www.jauslin-ag.com\/official\/official\/wp-content\/uploads\/2016\/02\/franziska-isler.jpg\" alt=\"\" \/><\/div><h4>Franziska Isler<\/h4><div class=\"member-role\">Inhaberin &amp; Gesch\u00e4ftsf\u00fchrerin<\/div><div class=\"member-content\"><p><\/p><\/div><\/div><div class=\"member wpb_content_element\"><div class=\"member-img\"><img src=\"https:\/\/www.jauslin-ag.com\/official\/official\/wp-content\/uploads\/2016\/02\/LNDA_103-e1559132631209.jpg\" alt=\"\" \/><\/div><h4>Regula Isler-Sauder<\/h4><div class=\"member-role\">Inhaberin Papeterie Sauder AG (Pf\u00e4ffikon)<\/div><div class=\"member-content\"><p><\/p><\/div><\/div>[\/vc_column_inner][vc_column_inner width=&#8220;1\/2&#8243;]<div class=\"member wpb_content_element\"><div class=\"member-img\"><img src=\"https:\/\/www.jauslin-ag.com\/official\/official\/wp-content\/uploads\/2016\/06\/bild-folgt.png\" alt=\"\" \/><\/div><h4>n.n.<\/h4><div class=\"member-role\">Verkauf &amp; Administration<\/div><div class=\"member-content\"><p><\/p><\/div><\/div><div class=\"member wpb_content_element\"><div class=\"member-img\"><img src=\"https:\/\/www.jauslin-ag.com\/official\/official\/wp-content\/uploads\/2016\/02\/LNDA_15-e1559132394812.jpg\" alt=\"\" \/><\/div><h4>Sonja Landolt<\/h4><div class=\"member-role\">Spezialistin B\u00fcromaterial (Pf\u00e4ffikon)<\/div><div class=\"member-content\"><p><\/p><\/div><\/div>[\/vc_column_inner][\/vc_row_inner][\/vc_tab][\/vc_tabs][\/vc_column][\/vc_row][vc_row bg_color=&#8220;#f2f2f2&#8243; top_padding=&#8220;50&#8243; bottom_padding=&#8220;50&#8243;][vc_column width=&#8220;1\/1&#8243;][vc_column_text]<\/p>\n<h1 style=\"text-align: center;\">Firmengeschichte<\/h1>\n<h3 style=\"text-align: center;\">Seit 1979<\/h3>\n<p>[\/vc_column_text][vc_tour interval=&#8220;0&#8243;][vc_tab title=&#8220;2018&#8243; tab_id=&#8220;1529501544013-4-2&#8243;][vc_column_text]Durch den Umzug von Franziska Isler nach Entlebuch LU, wurde auch die A. Jauslin AG dorthin verlegt. Wir geniessen nun neue B\u00fcro- und Lagerr\u00e4umlichkeiten. Zus\u00e4tzlich wurde der Umzug genutzt um unsere gesamte EDV auf den neusten Stand zu bringen.[\/vc_column_text][\/vc_tab][vc_tab title=&#8220;2016&#8243; tab_id=&#8220;13cb490e-bd76-1&#8243;][vc_column_text]Gesch\u00e4fts\u00fcbergabe von Ruggiero Orlando an die Familie Isler. Nach \u00fcber 30 Jahren tritt Herr Orlando in den wohlverdienten Ruhestand. \u00a0Neu arbeiten wir eng mit der Papeterie Sauder AG zusammen um unseren bestehenden Kunden die M\u00f6glichkeit zu bieten, das gesamte B\u00fcromaterial \u00fcber uns zu beziehen. Ebenfalls wurden am selben Standort neue R\u00e4umlichkeiten bezogen.[\/vc_column_text][\/vc_tab][vc_tab title=&#8220;1993&#8243; tab_id=&#8220;44bc7fac-02d5-7&#8243;][vc_column_text]Umzug\u00a0nach\u00a0Pf\u00e4ffikon ZH[\/vc_column_text]<div class=\"single_image wpb_content_element align-left    \" data-animation=\"none\" data-delay=\"0\"><img width=\"768\" height=\"512\" src=\"https:\/\/www.jauslin-ag.com\/official\/official\/wp-content\/uploads\/2016\/02\/jauslin-umzug.jpg\" class=\"attachment-full\" alt=\"\" decoding=\"async\" loading=\"lazy\" title=\"jauslin-umzug\" srcset=\"https:\/\/www.jauslin-ag.com\/official\/official\/wp-content\/uploads\/2016\/02\/jauslin-umzug.jpg 768w, https:\/\/www.jauslin-ag.com\/official\/official\/wp-content\/uploads\/2016\/02\/jauslin-umzug-300x200.jpg 300w, https:\/\/www.jauslin-ag.com\/official\/official\/wp-content\/uploads\/2016\/02\/jauslin-umzug-600x400.jpg 600w\" sizes=\"(max-width: 768px) 100vw, 768px\" \/><\/div>[\/vc_tab][vc_tab title=&#8220;1988&#8243; tab_id=&#8220;1454603401036-2-0&#8243;][vc_column_text]\u00dcbernahme der Gesch\u00e4ftst\u00e4tigkeit durch Ruggiero Orlando.[\/vc_column_text][\/vc_tab][vc_tab title=&#8220;1979&#8243; tab_id=&#8220;1463666309624-3-9&#8243;][vc_column_text]Gr\u00fcndung der Aktiengesellschaft A. Jauslin AG durch Arnold Jauslin.[\/vc_column_text][\/vc_tab][\/vc_tour][\/vc_column][\/vc_row][vc_row bg_color=&#8220;#ffffff&#8220; top_padding=&#8220;50&#8243; bottom_padding=&#8220;50&#8243;][vc_column width=&#8220;1\/1&#8243;][vc_column_text]<\/p>\n<h1 style=\"text-align: center;\">R\u00e4umlichkeiten<\/h1>\n<h3 style=\"text-align: center;\">Untertitel zu R\u00e4umlichkeiten<\/h3>\n<p>[\/vc_column_text]<div class=\"minti_zooming_slider \"><ul class=\"slides\"><li><div class=\"minti_zooming_slider_item\"><div class=\"minti_zooming_slider_item_inner\"><div class=\"image_wrapper\"><img width=\"800\" height=\"533\" src=\"https:\/\/www.jauslin-ag.com\/official\/official\/wp-content\/uploads\/2016\/02\/einblick2.png\" class=\"attachment-full size-full\" alt=\"\" decoding=\"async\" loading=\"lazy\" srcset=\"https:\/\/www.jauslin-ag.com\/official\/official\/wp-content\/uploads\/2016\/02\/einblick2.png 800w, https:\/\/www.jauslin-ag.com\/official\/official\/wp-content\/uploads\/2016\/02\/einblick2-300x200.png 300w, https:\/\/www.jauslin-ag.com\/official\/official\/wp-content\/uploads\/2016\/02\/einblick2-768x512.png 768w, https:\/\/www.jauslin-ag.com\/official\/official\/wp-content\/uploads\/2016\/02\/einblick2-600x400.png 600w\" sizes=\"(max-width: 800px) 100vw, 800px\" \/><h6 class=\"minti_zooming_slider_title\">Lager<\/h6><\/div><\/div><\/div><\/li><li><div class=\"minti_zooming_slider_item\"><div class=\"minti_zooming_slider_item_inner\"><div class=\"image_wrapper\"><img width=\"800\" height=\"533\" src=\"https:\/\/www.jauslin-ag.com\/official\/official\/wp-content\/uploads\/2016\/02\/einblick3.png\" class=\"attachment-full size-full\" alt=\"\" decoding=\"async\" loading=\"lazy\" srcset=\"https:\/\/www.jauslin-ag.com\/official\/official\/wp-content\/uploads\/2016\/02\/einblick3.png 800w, https:\/\/www.jauslin-ag.com\/official\/official\/wp-content\/uploads\/2016\/02\/einblick3-300x200.png 300w, https:\/\/www.jauslin-ag.com\/official\/official\/wp-content\/uploads\/2016\/02\/einblick3-768x512.png 768w, https:\/\/www.jauslin-ag.com\/official\/official\/wp-content\/uploads\/2016\/02\/einblick3-600x400.png 600w\" sizes=\"(max-width: 800px) 100vw, 800px\" \/><h6 class=\"minti_zooming_slider_title\">In Action<\/h6><\/div><\/div><\/div><\/li><li><div class=\"minti_zooming_slider_item\"><div class=\"minti_zooming_slider_item_inner\"><div class=\"image_wrapper\"><img width=\"800\" height=\"533\" src=\"https:\/\/www.jauslin-ag.com\/official\/official\/wp-content\/uploads\/2016\/02\/einblick1.png\" class=\"attachment-full size-full\" alt=\"\" decoding=\"async\" loading=\"lazy\" srcset=\"https:\/\/www.jauslin-ag.com\/official\/official\/wp-content\/uploads\/2016\/02\/einblick1.png 800w, https:\/\/www.jauslin-ag.com\/official\/official\/wp-content\/uploads\/2016\/02\/einblick1-300x200.png 300w, https:\/\/www.jauslin-ag.com\/official\/official\/wp-content\/uploads\/2016\/02\/einblick1-768x512.png 768w, https:\/\/www.jauslin-ag.com\/official\/official\/wp-content\/uploads\/2016\/02\/einblick1-600x400.png 600w\" sizes=\"(max-width: 800px) 100vw, 800px\" \/><h6 class=\"minti_zooming_slider_title\">Lager<\/h6><\/div><\/div><\/div><\/li><li><div class=\"minti_zooming_slider_item\"><div class=\"minti_zooming_slider_item_inner\"><div class=\"image_wrapper\"><img width=\"800\" height=\"533\" src=\"https:\/\/www.jauslin-ag.com\/official\/official\/wp-content\/uploads\/2016\/02\/einblick4.png\" class=\"attachment-full size-full\" alt=\"\" decoding=\"async\" loading=\"lazy\" srcset=\"https:\/\/www.jauslin-ag.com\/official\/official\/wp-content\/uploads\/2016\/02\/einblick4.png 800w, https:\/\/www.jauslin-ag.com\/official\/official\/wp-content\/uploads\/2016\/02\/einblick4-300x200.png 300w, https:\/\/www.jauslin-ag.com\/official\/official\/wp-content\/uploads\/2016\/02\/einblick4-768x512.png 768w, https:\/\/www.jauslin-ag.com\/official\/official\/wp-content\/uploads\/2016\/02\/einblick4-600x400.png 600w\" sizes=\"(max-width: 800px) 100vw, 800px\" \/><h6 class=\"minti_zooming_slider_title\">Lager<\/h6><\/div><\/div><\/div><\/li><li><div class=\"minti_zooming_slider_item\"><div class=\"minti_zooming_slider_item_inner\"><div class=\"image_wrapper\"><img width=\"800\" height=\"533\" src=\"https:\/\/www.jauslin-ag.com\/official\/official\/wp-content\/uploads\/2016\/02\/einblick5.png\" class=\"attachment-full size-full\" alt=\"\" decoding=\"async\" loading=\"lazy\" srcset=\"https:\/\/www.jauslin-ag.com\/official\/official\/wp-content\/uploads\/2016\/02\/einblick5.png 800w, https:\/\/www.jauslin-ag.com\/official\/official\/wp-content\/uploads\/2016\/02\/einblick5-300x200.png 300w, https:\/\/www.jauslin-ag.com\/official\/official\/wp-content\/uploads\/2016\/02\/einblick5-768x512.png 768w, https:\/\/www.jauslin-ag.com\/official\/official\/wp-content\/uploads\/2016\/02\/einblick5-600x400.png 600w\" sizes=\"(max-width: 800px) 100vw, 800px\" \/><h6 class=\"minti_zooming_slider_title\">Arbeitsplatz<\/h6><\/div><\/div><\/div><\/li><\/ul><\/div>[\/vc_column][\/vc_row][vc_row type=&#8220;full_width_section&#8220; bg_color=&#8220;#ffffff&#8220; text_color=&#8220;custom&#8220; custom_text_color=&#8220;#ffffff&#8220; text_align=&#8220;center&#8220; bottom_padding=&#8220;0&#8243;][vc_column width=&#8220;1\/1&#8243;]<div class=\"callout clearfix\" style=\"background-color:#8a3c92; color:#ffffff;\">\n\t\t<div class=\"callout-text\">Kommunizieren Sie mit uns \u2013 wir freuen uns Sie kennenzulernen<\/div>\n\t\t\t<div class=\"callout-button\"><a class=\"button medium color-5\" href=\"https:\/\/www.jauslin-ag.com\/official\/official\/kontakt\/\" target=\"_self\">Kontaktdaten<\/a><\/div>\n\t\t<\/div>[\/vc_column][\/vc_row]<\/p>\n","protected":false},"excerpt":{"rendered":"<p>[vc_row type=&#8220;full_width_section&#8220; top_padding=&#8220;50&#8243; bottom_padding=&#8220;50&#8243;][vc_column width=&#8220;1\/1&#8243;][vc_column_text] Wer sind wir? [\/vc_column_text][vc_column_text] kleines und kompetentes Team &#8211; flexibel und motiviert \u2013 Familienunternehmen [\/vc_column_text][\/vc_column][\/vc_row][vc_row top_padding=&#8220;50&#8243; bottom_padding=&#8220;50&#8243;][vc_column width=&#8220;1\/1&#8243;][vc_tabs][vc_tab title=&#8220;Das Unternehmen&#8220; tab_id=&#8220;2a1fe5d7-7b2f-9&#8243;][vc_row_inner][vc_column_inner width=&#8220;1\/2&#8243;][vc_column_text] Mit der \u00dcbernahme der Firma A. Jauslin AG durch die Familie Isler im Jahre 2016 ging die Jahrzehnte lange Firmengeschichte der A. Jauslin AG in die n\u00e4chste Runde. Alt bew\u00e4hrtes haben wir belassen wir und erweiterten unsere T\u00e4tigkeit im Bereich B\u00fcromaterial, zusammen mit der Papeterie Sauder AG. Im Mai 2018 ist die Firma A. Jauslin AG mit Sack und Pack nach Entlebuch LU umgezogen. Ein neuer Standort, ein neues Lager und ein neues B\u00fcro bringt der Jauslin AG frischen Wind ins Gesch\u00e4ft. Auch haben wir den Standortwechsel genutzt, um unsere gesamte EDV auf den neusten Stand zu bringen. Mit dem neuen ERP-System wurden die Arbeitsprozesse deutlich optimiert. Neu werden wir Sie auch mit einem Newsletter auf dem Laufenden halten. Die Zusammenarbeit mit der Papeterie Sauder AG in Pf\u00e4ffikon bleibt im selben Umfang bestehen wie bis anhin. Mit unserem innovativen und flexiblen Team beraten wir Sie gerne zum Thema Drucksachen, B\u00fcro-Spezialartikel und B\u00fcromaterial im Allgemeinen. Unsere Standardprodukte sind stets ab Lager verf\u00fcgbar. Wir haben ein sehr breites Sortiment an B\u00fcro-Spezialartikel f\u00fcr alle Betriebe im [&hellip;]<\/p>\n","protected":false},"author":1,"featured_media":0,"parent":0,"menu_order":4,"comment_status":"closed","ping_status":"closed","template":"","meta":[],"yoast_head":"<!-- This site is optimized with the Yoast SEO plugin v20.8 - https:\/\/yoast.com\/wordpress\/plugins\/seo\/ -->\n<title>\u00dcber uns - A. Jauslin AG<\/title>\n<meta name=\"robots\" content=\"index, follow, max-snippet:-1, max-image-preview:large, max-video-preview:-1\" \/>\n<link rel=\"canonical\" href=\"https:\/\/www.jauslin-ag.com\/official\/ueber-uns\/\" \/>\n<meta property=\"og:locale\" content=\"de_DE\" \/>\n<meta property=\"og:type\" content=\"article\" \/>\n<meta property=\"og:title\" content=\"\u00dcber uns - A. Jauslin AG\" \/>\n<meta property=\"og:description\" content=\"[vc_row type=&#8220;full_width_section&#8220; top_padding=&#8220;50&#8243; bottom_padding=&#8220;50&#8243;][vc_column width=&#8220;1\/1&#8243;][vc_column_text] Wer sind wir? [\/vc_column_text][vc_column_text] kleines und kompetentes Team &#8211; flexibel und motiviert \u2013 Familienunternehmen [\/vc_column_text][\/vc_column][\/vc_row][vc_row top_padding=&#8220;50&#8243; bottom_padding=&#8220;50&#8243;][vc_column width=&#8220;1\/1&#8243;][vc_tabs][vc_tab title=&#8220;Das Unternehmen&#8220; tab_id=&#8220;2a1fe5d7-7b2f-9&#8243;][vc_row_inner][vc_column_inner width=&#8220;1\/2&#8243;][vc_column_text] Mit der \u00dcbernahme der Firma A. Jauslin AG durch die Familie Isler im Jahre 2016 ging die Jahrzehnte lange Firmengeschichte der A. Jauslin AG in die n\u00e4chste Runde. Alt bew\u00e4hrtes haben wir belassen wir und erweiterten unsere T\u00e4tigkeit im Bereich B\u00fcromaterial, zusammen mit der Papeterie Sauder AG. Im Mai 2018 ist die Firma A. Jauslin AG mit Sack und Pack nach Entlebuch LU umgezogen. Ein neuer Standort, ein neues Lager und ein neues B\u00fcro bringt der Jauslin AG frischen Wind ins Gesch\u00e4ft. Auch haben wir den Standortwechsel genutzt, um unsere gesamte EDV auf den neusten Stand zu bringen. Mit dem neuen ERP-System wurden die Arbeitsprozesse deutlich optimiert. Neu werden wir Sie auch mit einem Newsletter auf dem Laufenden halten. Die Zusammenarbeit mit der Papeterie Sauder AG in Pf\u00e4ffikon bleibt im selben Umfang bestehen wie bis anhin. Mit unserem innovativen und flexiblen Team beraten wir Sie gerne zum Thema Drucksachen, B\u00fcro-Spezialartikel und B\u00fcromaterial im Allgemeinen. Unsere Standardprodukte sind stets ab Lager verf\u00fcgbar. Wir haben ein sehr breites Sortiment an B\u00fcro-Spezialartikel f\u00fcr alle Betriebe im [&hellip;]\" \/>\n<meta property=\"og:url\" content=\"https:\/\/www.jauslin-ag.com\/official\/ueber-uns\/\" \/>\n<meta property=\"og:site_name\" content=\"A. Jauslin AG\" \/>\n<meta property=\"article:modified_time\" content=\"2020-11-17T07:54:10+00:00\" \/>\n<meta name=\"twitter:card\" content=\"summary_large_image\" \/>\n<meta name=\"twitter:label1\" content=\"Gesch\u00e4tzte Lesezeit\" \/>\n\t<meta name=\"twitter:data1\" content=\"4 Minuten\" \/>\n<script type=\"application\/ld+json\" class=\"yoast-schema-graph\">{\"@context\":\"https:\/\/schema.org\",\"@graph\":[{\"@type\":\"WebPage\",\"@id\":\"https:\/\/www.jauslin-ag.com\/official\/ueber-uns\/\",\"url\":\"https:\/\/www.jauslin-ag.com\/official\/ueber-uns\/\",\"name\":\"\u00dcber uns - A. Jauslin AG\",\"isPartOf\":{\"@id\":\"https:\/\/www.jauslin-ag.com\/official\/#website\"},\"datePublished\":\"2019-01-01T07:24:08+00:00\",\"dateModified\":\"2020-11-17T07:54:10+00:00\",\"breadcrumb\":{\"@id\":\"https:\/\/www.jauslin-ag.com\/official\/ueber-uns\/#breadcrumb\"},\"inLanguage\":\"de-DE\",\"potentialAction\":[{\"@type\":\"ReadAction\",\"target\":[\"https:\/\/www.jauslin-ag.com\/official\/ueber-uns\/\"]}]},{\"@type\":\"BreadcrumbList\",\"@id\":\"https:\/\/www.jauslin-ag.com\/official\/ueber-uns\/#breadcrumb\",\"itemListElement\":[{\"@type\":\"ListItem\",\"position\":1,\"name\":\"Home\",\"item\":\"https:\/\/www.jauslin-ag.com\/official\/\"},{\"@type\":\"ListItem\",\"position\":2,\"name\":\"\u00dcber uns\"}]},{\"@type\":\"WebSite\",\"@id\":\"https:\/\/www.jauslin-ag.com\/official\/#website\",\"url\":\"https:\/\/www.jauslin-ag.com\/official\/\",\"name\":\"A. Jauslin AG\",\"description\":\"Hochwertige Druckprodukte\",\"potentialAction\":[{\"@type\":\"SearchAction\",\"target\":{\"@type\":\"EntryPoint\",\"urlTemplate\":\"https:\/\/www.jauslin-ag.com\/official\/?s={search_term_string}\"},\"query-input\":\"required name=search_term_string\"}],\"inLanguage\":\"de-DE\"}]}<\/script>\n<!-- \/ Yoast SEO plugin. -->","yoast_head_json":{"title":"\u00dcber uns - A. Jauslin AG","robots":{"index":"index","follow":"follow","max-snippet":"max-snippet:-1","max-image-preview":"max-image-preview:large","max-video-preview":"max-video-preview:-1"},"canonical":"https:\/\/www.jauslin-ag.com\/official\/ueber-uns\/","og_locale":"de_DE","og_type":"article","og_title":"\u00dcber uns - A. Jauslin AG","og_description":"[vc_row type=&#8220;full_width_section&#8220; top_padding=&#8220;50&#8243; bottom_padding=&#8220;50&#8243;][vc_column width=&#8220;1\/1&#8243;][vc_column_text] Wer sind wir? [\/vc_column_text][vc_column_text] kleines und kompetentes Team &#8211; flexibel und motiviert \u2013 Familienunternehmen [\/vc_column_text][\/vc_column][\/vc_row][vc_row top_padding=&#8220;50&#8243; bottom_padding=&#8220;50&#8243;][vc_column width=&#8220;1\/1&#8243;][vc_tabs][vc_tab title=&#8220;Das Unternehmen&#8220; tab_id=&#8220;2a1fe5d7-7b2f-9&#8243;][vc_row_inner][vc_column_inner width=&#8220;1\/2&#8243;][vc_column_text] Mit der \u00dcbernahme der Firma A. Jauslin AG durch die Familie Isler im Jahre 2016 ging die Jahrzehnte lange Firmengeschichte der A. Jauslin AG in die n\u00e4chste Runde. Alt bew\u00e4hrtes haben wir belassen wir und erweiterten unsere T\u00e4tigkeit im Bereich B\u00fcromaterial, zusammen mit der Papeterie Sauder AG. Im Mai 2018 ist die Firma A. Jauslin AG mit Sack und Pack nach Entlebuch LU umgezogen. Ein neuer Standort, ein neues Lager und ein neues B\u00fcro bringt der Jauslin AG frischen Wind ins Gesch\u00e4ft. Auch haben wir den Standortwechsel genutzt, um unsere gesamte EDV auf den neusten Stand zu bringen. Mit dem neuen ERP-System wurden die Arbeitsprozesse deutlich optimiert. Neu werden wir Sie auch mit einem Newsletter auf dem Laufenden halten. Die Zusammenarbeit mit der Papeterie Sauder AG in Pf\u00e4ffikon bleibt im selben Umfang bestehen wie bis anhin. Mit unserem innovativen und flexiblen Team beraten wir Sie gerne zum Thema Drucksachen, B\u00fcro-Spezialartikel und B\u00fcromaterial im Allgemeinen. Unsere Standardprodukte sind stets ab Lager verf\u00fcgbar. Wir haben ein sehr breites Sortiment an B\u00fcro-Spezialartikel f\u00fcr alle Betriebe im [&hellip;]","og_url":"https:\/\/www.jauslin-ag.com\/official\/ueber-uns\/","og_site_name":"A. Jauslin AG","article_modified_time":"2020-11-17T07:54:10+00:00","twitter_card":"summary_large_image","twitter_misc":{"Gesch\u00e4tzte Lesezeit":"4 Minuten"},"schema":{"@context":"https:\/\/schema.org","@graph":[{"@type":"WebPage","@id":"https:\/\/www.jauslin-ag.com\/official\/ueber-uns\/","url":"https:\/\/www.jauslin-ag.com\/official\/ueber-uns\/","name":"\u00dcber uns - A. Jauslin AG","isPartOf":{"@id":"https:\/\/www.jauslin-ag.com\/official\/#website"},"datePublished":"2019-01-01T07:24:08+00:00","dateModified":"2020-11-17T07:54:10+00:00","breadcrumb":{"@id":"https:\/\/www.jauslin-ag.com\/official\/ueber-uns\/#breadcrumb"},"inLanguage":"de-DE","potentialAction":[{"@type":"ReadAction","target":["https:\/\/www.jauslin-ag.com\/official\/ueber-uns\/"]}]},{"@type":"BreadcrumbList","@id":"https:\/\/www.jauslin-ag.com\/official\/ueber-uns\/#breadcrumb","itemListElement":[{"@type":"ListItem","position":1,"name":"Home","item":"https:\/\/www.jauslin-ag.com\/official\/"},{"@type":"ListItem","position":2,"name":"\u00dcber uns"}]},{"@type":"WebSite","@id":"https:\/\/www.jauslin-ag.com\/official\/#website","url":"https:\/\/www.jauslin-ag.com\/official\/","name":"A. Jauslin AG","description":"Hochwertige Druckprodukte","potentialAction":[{"@type":"SearchAction","target":{"@type":"EntryPoint","urlTemplate":"https:\/\/www.jauslin-ag.com\/official\/?s={search_term_string}"},"query-input":"required name=search_term_string"}],"inLanguage":"de-DE"}]}},"_links":{"self":[{"href":"https:\/\/www.jauslin-ag.com\/official\/wp-json\/wp\/v2\/pages\/146"}],"collection":[{"href":"https:\/\/www.jauslin-ag.com\/official\/wp-json\/wp\/v2\/pages"}],"about":[{"href":"https:\/\/www.jauslin-ag.com\/official\/wp-json\/wp\/v2\/types\/page"}],"author":[{"embeddable":true,"href":"https:\/\/www.jauslin-ag.com\/official\/wp-json\/wp\/v2\/users\/1"}],"replies":[{"embeddable":true,"href":"https:\/\/www.jauslin-ag.com\/official\/wp-json\/wp\/v2\/comments?post=146"}],"version-history":[{"count":55,"href":"https:\/\/www.jauslin-ag.com\/official\/wp-json\/wp\/v2\/pages\/146\/revisions"}],"predecessor-version":[{"id":399,"href":"https:\/\/www.jauslin-ag.com\/official\/wp-json\/wp\/v2\/pages\/146\/revisions\/399"}],"wp:attachment":[{"href":"https:\/\/www.jauslin-ag.com\/official\/wp-json\/wp\/v2\/media?parent=146"}],"curies":[{"name":"wp","href":"https:\/\/api.w.org\/{rel}","templated":true}]}}