{"id":180,"date":"2016-02-05T08:47:15","date_gmt":"2016-02-05T07:47:15","guid":{"rendered":"https:\/\/www.jauslin-ag.com\/official\/official\/?page_id=180"},"modified":"2016-06-22T17:00:20","modified_gmt":"2016-06-22T15:00:20","slug":"offertanfrage","status":"publish","type":"page","link":"https:\/\/www.jauslin-ag.com\/official\/offertanfrage\/","title":{"rendered":"Offertanfrage"},"content":{"rendered":"<p>[vc_row type=&#8220;full_width_section&#8220; top_padding=&#8220;50&#8243; bottom_padding=&#8220;50&#8243;][vc_column width=&#8220;1\/1&#8243;][vc_column_text]<\/p>\n<h1 style=\"text-align: center;\">Offertanfrage<\/h1>\n<p>[\/vc_column_text][vc_column_text]<\/p>\n<h3 style=\"text-align: center;\">Bitte w\u00e4hlen Sie die gew\u00fcnschte Kontaktm\u00f6glichkeit.<\/h3>\n<p>[\/vc_column_text][\/vc_column][\/vc_row][vc_row top_padding=&#8220;50&#8243; bottom_padding=&#8220;50&#8243;][vc_column width=&#8220;1\/1&#8243;][vc_tabs interval=&#8220;0&#8243;][vc_tab title=&#8220;Offertformular&#8220; tab_id=&#8220;adedfbbc-8838-10&#8243;][vc_row_inner][vc_column_inner width=&#8220;1\/2&#8243;]\n<div class=\"wpcf7 no-js\" id=\"wpcf7-f4-o1\" lang=\"de-DE\" dir=\"ltr\">\n<div class=\"screen-reader-response\"><p role=\"status\" aria-live=\"polite\" aria-atomic=\"true\"><\/p> <ul><\/ul><\/div>\n<form action=\"\/official\/wp-json\/wp\/v2\/pages\/180#wpcf7-f4-o1\" method=\"post\" class=\"wpcf7-form init\" aria-label=\"Kontaktformular\" novalidate=\"novalidate\" data-status=\"init\">\n<div style=\"display: none;\">\n<input type=\"hidden\" name=\"_wpcf7\" value=\"4\" \/>\n<input type=\"hidden\" name=\"_wpcf7_version\" value=\"5.7.6\" \/>\n<input type=\"hidden\" name=\"_wpcf7_locale\" value=\"de_DE\" \/>\n<input type=\"hidden\" name=\"_wpcf7_unit_tag\" value=\"wpcf7-f4-o1\" \/>\n<input type=\"hidden\" name=\"_wpcf7_container_post\" value=\"0\" \/>\n<input type=\"hidden\" name=\"_wpcf7_posted_data_hash\" value=\"\" \/>\n<input type=\"hidden\" name=\"_wpcf7_recaptcha_response\" value=\"\" \/>\n<\/div>\n<p>Unternehmen (Pflichtfeld)\n<\/p>\n<p><span class=\"wpcf7-form-control-wrap\" data-name=\"your-company\"><input size=\"40\" class=\"wpcf7-form-control wpcf7-text\" aria-invalid=\"false\" value=\"\" type=\"text\" name=\"your-company\" \/><\/span>\n<\/p>\n<p>Ihr Name (Pflichtfeld)\n<\/p>\n<p><span class=\"wpcf7-form-control-wrap\" data-name=\"your-name\"><input size=\"40\" class=\"wpcf7-form-control wpcf7-text wpcf7-validates-as-required\" aria-required=\"true\" aria-invalid=\"false\" value=\"\" type=\"text\" name=\"your-name\" \/><\/span>\n<\/p>\n<p>Strasse (Pflichtfeld)\n<\/p>\n<p><span class=\"wpcf7-form-control-wrap\" data-name=\"street\"><input size=\"40\" class=\"wpcf7-form-control wpcf7-text wpcf7-validates-as-required\" aria-required=\"true\" aria-invalid=\"false\" value=\"\" type=\"text\" name=\"street\" \/><\/span>\n<\/p>\n<p>PLZ\/Ort (Pflichtfeld)\n<\/p>\n<p><span class=\"wpcf7-form-control-wrap\" data-name=\"zip\"><input size=\"40\" class=\"wpcf7-form-control wpcf7-text wpcf7-validates-as-required\" aria-required=\"true\" aria-invalid=\"false\" value=\"\" type=\"text\" name=\"zip\" \/><\/span>\n<\/p>\n<p>Ihre E-Mail-Adresse (Pflichtfeld)\n<\/p>\n<p><span class=\"wpcf7-form-control-wrap\" data-name=\"your-email\"><input size=\"40\" class=\"wpcf7-form-control wpcf7-text wpcf7-email wpcf7-validates-as-required wpcf7-validates-as-email\" aria-required=\"true\" aria-invalid=\"false\" value=\"\" type=\"email\" name=\"your-email\" \/><\/span>\n<\/p>\n<p>Ihre Telefonnummer (Pflichtfeld)\n<\/p>\n<p><span class=\"wpcf7-form-control-wrap\" data-name=\"tel-310\"><input size=\"40\" class=\"wpcf7-form-control wpcf7-text\" aria-invalid=\"false\" value=\"\" type=\"text\" name=\"tel-310\" \/><\/span>\n<\/p>\n<p>Betreff\n<\/p>\n<p><span class=\"wpcf7-form-control-wrap\" data-name=\"your-subject\"><input size=\"40\" class=\"wpcf7-form-control wpcf7-text\" aria-invalid=\"false\" value=\"\" type=\"text\" name=\"your-subject\" \/><\/span>\n<\/p>\n<p>Ihre Nachricht\n<\/p>\n<p><span class=\"wpcf7-form-control-wrap\" data-name=\"your-message\"><textarea cols=\"40\" rows=\"10\" class=\"wpcf7-form-control wpcf7-textarea\" aria-invalid=\"false\" name=\"your-message\"><\/textarea><\/span>\n<\/p>\n<p>\n\n<\/p>\n<p><input class=\"wpcf7-form-control has-spinner wpcf7-submit\" type=\"submit\" value=\"Senden\" \/>\n<\/p><p style=\"display: none !important;\"><label>&#916;<textarea name=\"_wpcf7_ak_hp_textarea\" cols=\"45\" rows=\"8\" maxlength=\"100\"><\/textarea><\/label><input type=\"hidden\" id=\"ak_js_1\" name=\"_wpcf7_ak_js\" value=\"220\"\/><script>document.getElementById( \"ak_js_1\" ).setAttribute( \"value\", ( new Date() ).getTime() );<\/script><\/p><div class=\"wpcf7-response-output\" aria-hidden=\"true\"><\/div>\n<\/form>\n<\/div>\n[\/vc_column_inner][vc_column_inner width=&#8220;1\/2&#8243;][vc_column_text]Wir freuen uns \u00fcber Ihre Kontaktaufnahme und werden uns umgehend mit Ihnen in Verbindung setzten.<\/p>\n<p>[\/vc_column_text][\/vc_column_inner][\/vc_row_inner][\/vc_tab][vc_tab title=&#8220;Telefonanfrage&#8220; tab_id=&#8220;6675fcbb-d9c1-0&#8243;][vc_row_inner][vc_column_inner width=&#8220;1\/2&#8243;]<div class=\"spacer\" style=\"height: 25px;\"><\/div>[vc_column_text]<\/p>\n<h1 style=\"text-align: center;\"><i class=\"fa fa-phone minti-icon\" style=\"color:#8a3c92 !important; font-size: 30px; margin: 0px 0px 0px 0px\"><\/i> 044 951 07 09<\/h1>\n<p>[\/vc_column_text][\/vc_column_inner][vc_column_inner width=&#8220;1\/2&#8243;][vc_column_text]<strong>Das Telefon ist bedient von:<\/strong><\/p>\n<p>Montag bis Freitag<br \/>\n08:00 \u2013 12:00 Uhr und 13:00 \u2013 17:00 Uhr[\/vc_column_text][\/vc_column_inner][\/vc_row_inner][\/vc_tab][\/vc_tabs][\/vc_column][\/vc_row][vc_row bg_color=&#8220;#f2f2f2&#8243; top_padding=&#8220;25&#8243; bottom_padding=&#8220;25&#8243;][vc_column width=&#8220;1\/1&#8243;][vc_raw_js]JTNDY2VudGVyJTNFJTNDYnV0dG9uJTIwb25jbGljayUzRCUyMmdvQmFjayUyOCUyOSUyMiUzRVp1ciVDMyVCQ2NrJTIwenVyJTIwbGV0enRlbiUyMFNlaXRlJTNDJTJGYnV0dG9uJTNFJTBBJTBBJTNDc2NyaXB0JTNFJTBBZnVuY3Rpb24lMjBnb0JhY2slMjglMjklMjAlN0IlMEElMjAlMjAlMjAlMjB3aW5kb3cuaGlzdG9yeS5iYWNrJTI4JTI5JTNCJTBBJTdEJTBBJTNDJTJGc2NyaXB0JTNFJTNDJTJGY2VudGVyJTNF[\/vc_raw_js][\/vc_column][\/vc_row]<\/p>\n","protected":false},"excerpt":{"rendered":"<p>[vc_row type=&#8220;full_width_section&#8220; top_padding=&#8220;50&#8243; bottom_padding=&#8220;50&#8243;][vc_column width=&#8220;1\/1&#8243;][vc_column_text] Offertanfrage [\/vc_column_text][vc_column_text] Bitte w\u00e4hlen Sie die gew\u00fcnschte Kontaktm\u00f6glichkeit. [\/vc_column_text][\/vc_column][\/vc_row][vc_row top_padding=&#8220;50&#8243; bottom_padding=&#8220;50&#8243;][vc_column width=&#8220;1\/1&#8243;][vc_tabs interval=&#8220;0&#8243;][vc_tab title=&#8220;Offertformular&#8220; tab_id=&#8220;adedfbbc-8838-10&#8243;][vc_row_inner][vc_column_inner width=&#8220;1\/2&#8243;][\/vc_column_inner][vc_column_inner width=&#8220;1\/2&#8243;][vc_column_text]Wir freuen uns \u00fcber Ihre Kontaktaufnahme und werden uns umgehend mit Ihnen in Verbindung setzten. [\/vc_column_text][\/vc_column_inner][\/vc_row_inner][\/vc_tab][vc_tab title=&#8220;Telefonanfrage&#8220; tab_id=&#8220;6675fcbb-d9c1-0&#8243;][vc_row_inner][vc_column_inner width=&#8220;1\/2&#8243;][vc_column_text] 044 951 07 09 [\/vc_column_text][\/vc_column_inner][vc_column_inner width=&#8220;1\/2&#8243;][vc_column_text]Das Telefon ist bedient von: Montag bis Freitag 08:00 \u2013 12:00 Uhr und 13:00 \u2013 17:00 Uhr[\/vc_column_text][\/vc_column_inner][\/vc_row_inner][\/vc_tab][\/vc_tabs][\/vc_column][\/vc_row][vc_row bg_color=&#8220;#f2f2f2&#8243; top_padding=&#8220;25&#8243; bottom_padding=&#8220;25&#8243;][vc_column width=&#8220;1\/1&#8243;][vc_raw_js]JTNDY2VudGVyJTNFJTNDYnV0dG9uJTIwb25jbGljayUzRCUyMmdvQmFjayUyOCUyOSUyMiUzRVp1ciVDMyVCQ2NrJTIwenVyJTIwbGV0enRlbiUyMFNlaXRlJTNDJTJGYnV0dG9uJTNFJTBBJTBBJTNDc2NyaXB0JTNFJTBBZnVuY3Rpb24lMjBnb0JhY2slMjglMjklMjAlN0IlMEElMjAlMjAlMjAlMjB3aW5kb3cuaGlzdG9yeS5iYWNrJTI4JTI5JTNCJTBBJTdEJTBBJTNDJTJGc2NyaXB0JTNFJTNDJTJGY2VudGVyJTNF[\/vc_raw_js][\/vc_column][\/vc_row]<\/p>\n","protected":false},"author":1,"featured_media":0,"parent":0,"menu_order":6,"comment_status":"closed","ping_status":"closed","template":"","meta":[],"yoast_head":"<!-- This site is optimized with the Yoast SEO plugin v20.8 - https:\/\/yoast.com\/wordpress\/plugins\/seo\/ -->\n<title>Offertanfrage - A. Jauslin AG<\/title>\n<meta name=\"robots\" content=\"index, follow, max-snippet:-1, max-image-preview:large, max-video-preview:-1\" \/>\n<link rel=\"canonical\" href=\"https:\/\/www.jauslin-ag.com\/official\/offertanfrage\/\" \/>\n<meta property=\"og:locale\" content=\"de_DE\" \/>\n<meta property=\"og:type\" content=\"article\" \/>\n<meta property=\"og:title\" content=\"Offertanfrage - A. Jauslin AG\" \/>\n<meta property=\"og:description\" content=\"[vc_row type=&#8220;full_width_section&#8220; top_padding=&#8220;50&#8243; bottom_padding=&#8220;50&#8243;][vc_column width=&#8220;1\/1&#8243;][vc_column_text] Offertanfrage [\/vc_column_text][vc_column_text] Bitte w\u00e4hlen Sie die gew\u00fcnschte Kontaktm\u00f6glichkeit. [\/vc_column_text][\/vc_column][\/vc_row][vc_row top_padding=&#8220;50&#8243; bottom_padding=&#8220;50&#8243;][vc_column width=&#8220;1\/1&#8243;][vc_tabs interval=&#8220;0&#8243;][vc_tab title=&#8220;Offertformular&#8220; tab_id=&#8220;adedfbbc-8838-10&#8243;][vc_row_inner][vc_column_inner width=&#8220;1\/2&#8243;][\/vc_column_inner][vc_column_inner width=&#8220;1\/2&#8243;][vc_column_text]Wir freuen uns \u00fcber Ihre Kontaktaufnahme und werden uns umgehend mit Ihnen in Verbindung setzten. [\/vc_column_text][\/vc_column_inner][\/vc_row_inner][\/vc_tab][vc_tab title=&#8220;Telefonanfrage&#8220; tab_id=&#8220;6675fcbb-d9c1-0&#8243;][vc_row_inner][vc_column_inner width=&#8220;1\/2&#8243;][vc_column_text] 044 951 07 09 [\/vc_column_text][\/vc_column_inner][vc_column_inner width=&#8220;1\/2&#8243;][vc_column_text]Das Telefon ist bedient von: Montag bis Freitag 08:00 \u2013 12:00 Uhr und 13:00 \u2013 17:00 Uhr[\/vc_column_text][\/vc_column_inner][\/vc_row_inner][\/vc_tab][\/vc_tabs][\/vc_column][\/vc_row][vc_row bg_color=&#8220;#f2f2f2&#8243; top_padding=&#8220;25&#8243; bottom_padding=&#8220;25&#8243;][vc_column width=&#8220;1\/1&#8243;][vc_raw_js]JTNDY2VudGVyJTNFJTNDYnV0dG9uJTIwb25jbGljayUzRCUyMmdvQmFjayUyOCUyOSUyMiUzRVp1ciVDMyVCQ2NrJTIwenVyJTIwbGV0enRlbiUyMFNlaXRlJTNDJTJGYnV0dG9uJTNFJTBBJTBBJTNDc2NyaXB0JTNFJTBBZnVuY3Rpb24lMjBnb0JhY2slMjglMjklMjAlN0IlMEElMjAlMjAlMjAlMjB3aW5kb3cuaGlzdG9yeS5iYWNrJTI4JTI5JTNCJTBBJTdEJTBBJTNDJTJGc2NyaXB0JTNFJTNDJTJGY2VudGVyJTNF[\/vc_raw_js][\/vc_column][\/vc_row]\" \/>\n<meta property=\"og:url\" content=\"https:\/\/www.jauslin-ag.com\/official\/offertanfrage\/\" \/>\n<meta property=\"og:site_name\" content=\"A. Jauslin AG\" \/>\n<meta property=\"article:modified_time\" content=\"2016-06-22T15:00:20+00:00\" \/>\n<meta name=\"twitter:card\" content=\"summary_large_image\" \/>\n<meta name=\"twitter:label1\" content=\"Gesch\u00e4tzte Lesezeit\" \/>\n\t<meta name=\"twitter:data1\" content=\"1 Minute\" \/>\n<script type=\"application\/ld+json\" class=\"yoast-schema-graph\">{\"@context\":\"https:\/\/schema.org\",\"@graph\":[{\"@type\":\"WebPage\",\"@id\":\"https:\/\/www.jauslin-ag.com\/official\/offertanfrage\/\",\"url\":\"https:\/\/www.jauslin-ag.com\/official\/offertanfrage\/\",\"name\":\"Offertanfrage - A. Jauslin AG\",\"isPartOf\":{\"@id\":\"https:\/\/www.jauslin-ag.com\/official\/#website\"},\"datePublished\":\"2016-02-05T07:47:15+00:00\",\"dateModified\":\"2016-06-22T15:00:20+00:00\",\"breadcrumb\":{\"@id\":\"https:\/\/www.jauslin-ag.com\/official\/offertanfrage\/#breadcrumb\"},\"inLanguage\":\"de-DE\",\"potentialAction\":[{\"@type\":\"ReadAction\",\"target\":[\"https:\/\/www.jauslin-ag.com\/official\/offertanfrage\/\"]}]},{\"@type\":\"BreadcrumbList\",\"@id\":\"https:\/\/www.jauslin-ag.com\/official\/offertanfrage\/#breadcrumb\",\"itemListElement\":[{\"@type\":\"ListItem\",\"position\":1,\"name\":\"Home\",\"item\":\"https:\/\/www.jauslin-ag.com\/official\/\"},{\"@type\":\"ListItem\",\"position\":2,\"name\":\"Offertanfrage\"}]},{\"@type\":\"WebSite\",\"@id\":\"https:\/\/www.jauslin-ag.com\/official\/#website\",\"url\":\"https:\/\/www.jauslin-ag.com\/official\/\",\"name\":\"A. Jauslin AG\",\"description\":\"Hochwertige Druckprodukte\",\"potentialAction\":[{\"@type\":\"SearchAction\",\"target\":{\"@type\":\"EntryPoint\",\"urlTemplate\":\"https:\/\/www.jauslin-ag.com\/official\/?s={search_term_string}\"},\"query-input\":\"required name=search_term_string\"}],\"inLanguage\":\"de-DE\"}]}<\/script>\n<!-- \/ Yoast SEO plugin. -->","yoast_head_json":{"title":"Offertanfrage - A. Jauslin AG","robots":{"index":"index","follow":"follow","max-snippet":"max-snippet:-1","max-image-preview":"max-image-preview:large","max-video-preview":"max-video-preview:-1"},"canonical":"https:\/\/www.jauslin-ag.com\/official\/offertanfrage\/","og_locale":"de_DE","og_type":"article","og_title":"Offertanfrage - A. Jauslin AG","og_description":"[vc_row type=&#8220;full_width_section&#8220; top_padding=&#8220;50&#8243; bottom_padding=&#8220;50&#8243;][vc_column width=&#8220;1\/1&#8243;][vc_column_text] Offertanfrage [\/vc_column_text][vc_column_text] Bitte w\u00e4hlen Sie die gew\u00fcnschte Kontaktm\u00f6glichkeit. [\/vc_column_text][\/vc_column][\/vc_row][vc_row top_padding=&#8220;50&#8243; bottom_padding=&#8220;50&#8243;][vc_column width=&#8220;1\/1&#8243;][vc_tabs interval=&#8220;0&#8243;][vc_tab title=&#8220;Offertformular&#8220; tab_id=&#8220;adedfbbc-8838-10&#8243;][vc_row_inner][vc_column_inner width=&#8220;1\/2&#8243;][\/vc_column_inner][vc_column_inner width=&#8220;1\/2&#8243;][vc_column_text]Wir freuen uns \u00fcber Ihre Kontaktaufnahme und werden uns umgehend mit Ihnen in Verbindung setzten. [\/vc_column_text][\/vc_column_inner][\/vc_row_inner][\/vc_tab][vc_tab title=&#8220;Telefonanfrage&#8220; tab_id=&#8220;6675fcbb-d9c1-0&#8243;][vc_row_inner][vc_column_inner width=&#8220;1\/2&#8243;][vc_column_text] 044 951 07 09 [\/vc_column_text][\/vc_column_inner][vc_column_inner width=&#8220;1\/2&#8243;][vc_column_text]Das Telefon ist bedient von: Montag bis Freitag 08:00 \u2013 12:00 Uhr und 13:00 \u2013 17:00 Uhr[\/vc_column_text][\/vc_column_inner][\/vc_row_inner][\/vc_tab][\/vc_tabs][\/vc_column][\/vc_row][vc_row bg_color=&#8220;#f2f2f2&#8243; top_padding=&#8220;25&#8243; bottom_padding=&#8220;25&#8243;][vc_column width=&#8220;1\/1&#8243;][vc_raw_js]JTNDY2VudGVyJTNFJTNDYnV0dG9uJTIwb25jbGljayUzRCUyMmdvQmFjayUyOCUyOSUyMiUzRVp1ciVDMyVCQ2NrJTIwenVyJTIwbGV0enRlbiUyMFNlaXRlJTNDJTJGYnV0dG9uJTNFJTBBJTBBJTNDc2NyaXB0JTNFJTBBZnVuY3Rpb24lMjBnb0JhY2slMjglMjklMjAlN0IlMEElMjAlMjAlMjAlMjB3aW5kb3cuaGlzdG9yeS5iYWNrJTI4JTI5JTNCJTBBJTdEJTBBJTNDJTJGc2NyaXB0JTNFJTNDJTJGY2VudGVyJTNF[\/vc_raw_js][\/vc_column][\/vc_row]","og_url":"https:\/\/www.jauslin-ag.com\/official\/offertanfrage\/","og_site_name":"A. Jauslin AG","article_modified_time":"2016-06-22T15:00:20+00:00","twitter_card":"summary_large_image","twitter_misc":{"Gesch\u00e4tzte Lesezeit":"1 Minute"},"schema":{"@context":"https:\/\/schema.org","@graph":[{"@type":"WebPage","@id":"https:\/\/www.jauslin-ag.com\/official\/offertanfrage\/","url":"https:\/\/www.jauslin-ag.com\/official\/offertanfrage\/","name":"Offertanfrage - A. Jauslin AG","isPartOf":{"@id":"https:\/\/www.jauslin-ag.com\/official\/#website"},"datePublished":"2016-02-05T07:47:15+00:00","dateModified":"2016-06-22T15:00:20+00:00","breadcrumb":{"@id":"https:\/\/www.jauslin-ag.com\/official\/offertanfrage\/#breadcrumb"},"inLanguage":"de-DE","potentialAction":[{"@type":"ReadAction","target":["https:\/\/www.jauslin-ag.com\/official\/offertanfrage\/"]}]},{"@type":"BreadcrumbList","@id":"https:\/\/www.jauslin-ag.com\/official\/offertanfrage\/#breadcrumb","itemListElement":[{"@type":"ListItem","position":1,"name":"Home","item":"https:\/\/www.jauslin-ag.com\/official\/"},{"@type":"ListItem","position":2,"name":"Offertanfrage"}]},{"@type":"WebSite","@id":"https:\/\/www.jauslin-ag.com\/official\/#website","url":"https:\/\/www.jauslin-ag.com\/official\/","name":"A. Jauslin AG","description":"Hochwertige Druckprodukte","potentialAction":[{"@type":"SearchAction","target":{"@type":"EntryPoint","urlTemplate":"https:\/\/www.jauslin-ag.com\/official\/?s={search_term_string}"},"query-input":"required name=search_term_string"}],"inLanguage":"de-DE"}]}},"_links":{"self":[{"href":"https:\/\/www.jauslin-ag.com\/official\/wp-json\/wp\/v2\/pages\/180"}],"collection":[{"href":"https:\/\/www.jauslin-ag.com\/official\/wp-json\/wp\/v2\/pages"}],"about":[{"href":"https:\/\/www.jauslin-ag.com\/official\/wp-json\/wp\/v2\/types\/page"}],"author":[{"embeddable":true,"href":"https:\/\/www.jauslin-ag.com\/official\/wp-json\/wp\/v2\/users\/1"}],"replies":[{"embeddable":true,"href":"https:\/\/www.jauslin-ag.com\/official\/wp-json\/wp\/v2\/comments?post=180"}],"version-history":[{"count":11,"href":"https:\/\/www.jauslin-ag.com\/official\/wp-json\/wp\/v2\/pages\/180\/revisions"}],"predecessor-version":[{"id":375,"href":"https:\/\/www.jauslin-ag.com\/official\/wp-json\/wp\/v2\/pages\/180\/revisions\/375"}],"wp:attachment":[{"href":"https:\/\/www.jauslin-ag.com\/official\/wp-json\/wp\/v2\/media?parent=180"}],"curies":[{"name":"wp","href":"https:\/\/api.w.org\/{rel}","templated":true}]}}